{"id":5,"date":"2017-12-11T18:57:50","date_gmt":"2017-12-11T18:57:50","guid":{"rendered":"http:\/\/global-labour.info\/de\/?page_id=5"},"modified":"2018-10-31T18:46:31","modified_gmt":"2018-10-31T18:46:31","slug":"inhalt","status":"publish","type":"page","link":"https:\/\/global-labour.info\/de\/inhalt\/","title":{"rendered":"Inhalt"},"content":{"rendered":"<ul class=\"lcp_catlist\" id=\"lcp_instance_0\"><li><a href=\"https:\/\/global-labour.info\/de\/2008\/09\/24\/kurswechsel-at\/\">Kurswechsel (AT)<\/a><\/li><li><a href=\"https:\/\/global-labour.info\/de\/2008\/09\/24\/zukunft-at\/\">Zukunft (AT)<\/a><\/li><li><a href=\"https:\/\/global-labour.info\/de\/2008\/09\/25\/grundrisse-at\/\">Grundrisse (AT)<\/a><\/li><li><a href=\"https:\/\/global-labour.info\/de\/2008\/09\/25\/bruno-kreisky-forum-at\/\">Bruno Kreisky Forum (AT)<\/a><\/li><li><a href=\"https:\/\/global-labour.info\/de\/2008\/09\/25\/arbeiterkammer-wien-at\/\">Arbeiterkammer Wien (AT)<\/a><\/li><li><a href=\"https:\/\/global-labour.info\/de\/2008\/09\/25\/unia-ch\/\">UNIA (CH)<\/a><\/li><li><a href=\"https:\/\/global-labour.info\/de\/2008\/09\/25\/schweizerischer-gewerkschaftsbund\/\">Schweizerischer Gewerkschaftsbund (CH)<\/a><\/li><li><a href=\"https:\/\/global-labour.info\/de\/2008\/09\/25\/gewerkschaft-nahrung-genuss-gastatten-de\/\">Gewerkschaft Nahrung-Genuss-Gast\u00e4tten  (DE)<\/a><\/li><li><a href=\"https:\/\/global-labour.info\/de\/2008\/09\/25\/vereinte-dienstleistungsgewerkschaft-de\/\">Vereinte Dienstleistungsgewerkschaft (DE)<\/a><\/li><li><a href=\"https:\/\/global-labour.info\/de\/2008\/09\/25\/ver-di-perspektiven-de\/\">ver.di Perspektiven (DE)<\/a><\/li><li><a href=\"https:\/\/global-labour.info\/de\/2008\/09\/25\/ig-metall-de\/\">IG Metall (DE)<\/a><\/li><li><a href=\"https:\/\/global-labour.info\/de\/2008\/09\/25\/ig-bauen-agrar-umwelt-de\/\">IG Bauen-Agrar-Umwelt (DE)<\/a><\/li><li><a href=\"https:\/\/global-labour.info\/de\/2008\/09\/25\/ig-bergbau-chemie-energie-de\/\">IG Bergbau, Chemie, Energie (DE)<\/a><\/li><li><a href=\"https:\/\/global-labour.info\/de\/2008\/09\/25\/deutscher-gewerkschaftsbund\/\">Deutscher Gewerkschaftsbund<\/a><\/li><li><a href=\"https:\/\/global-labour.info\/de\/2008\/09\/25\/gewerkschaft-der-privatangestellten-at\/\">Gewerkschaft der Privatangestellten (AT)<\/a><\/li><li><a href=\"https:\/\/global-labour.info\/de\/2008\/09\/25\/vida-at\/\">VIDA (AT)<\/a><\/li><li><a href=\"https:\/\/global-labour.info\/de\/2008\/09\/25\/osterreichischer-gewerkschaftsbund\/\">\u00d6sterreichischer Gewerkschaftsbund (AT)<\/a><\/li><li><a href=\"https:\/\/global-labour.info\/de\/2008\/09\/25\/onofhangege-gewerkschaftsbond-letzebuerg-lu\/\">Onofh\u00e4ngege Gewerkschaftsbond L\u00ebtzebuerg (LU)<\/a><\/li><li><a href=\"https:\/\/global-labour.info\/de\/2008\/09\/25\/arbeiterbewegung-ch\/\">arbeiterbewegung.ch<\/a><\/li><li><a href=\"https:\/\/global-labour.info\/de\/2008\/12\/14\/elf-gute-grunde-das-iao-ubereinkommen-uber-heimarbeit-zu-ratifizieren-karin-pape-2006\/\">Elf gute Gr\u00fcnde das IAO-\u00dcbereinkommen \u00fcber Heimarbeit zu ratifizieren (Karin Pape, 2006)<\/a><\/li><li><a href=\"https:\/\/global-labour.info\/de\/2009\/02\/02\/informationsbrief-weltwirtschaft-entwicklung-lu\/\">Informationsbrief Weltwirtschaft &amp; Entwicklung (LU)<\/a><\/li><li><a href=\"https:\/\/global-labour.info\/de\/2010\/02\/17\/verteidigung-der-arbeitnehmerinnenrechte-in-europa-paul-rechsteiner-2009\/\">Verteidigung der ArbeitnehmerInnenrechte in Europa (Paul Rechsteiner, 2009)<\/a><\/li><li><a href=\"https:\/\/global-labour.info\/de\/2010\/02\/17\/atlas-wirft-die-sozialdemokratische-welt-ab-regula-stampfli-2009\/\">Atlas wirft die sozialdemokratische Welt ab (Regula St\u00e4mpfli, 2009)<\/a><\/li><li><a href=\"https:\/\/global-labour.info\/de\/2010\/04\/02\/zum-theoriedefizit-der-sozialdemokratie-willy-spieler-2009\/\">Zum Theoriedefizit der Sozialdemokratie (Willy Spieler, 2009)<\/a><\/li><li><a href=\"https:\/\/global-labour.info\/de\/2010\/05\/11\/internationale-ansatze-zur-regularisierung-von-hausarbeit-karin-pape-2010\/\">Internationale Ans\u00e4tze zur Regularisierung von Hausarbeit (Karin Pape, 2010)<\/a><\/li><li><a href=\"https:\/\/global-labour.info\/de\/2010\/05\/11\/gegenblende-de\/\">Gegenblende (DE)<\/a><\/li><li><a href=\"https:\/\/global-labour.info\/de\/2011\/07\/09\/die-schuldenkrise-und-die-europaische-gewerkschaftsbewegung-vasco-pedrina-2011\/\">Die Schuldenkrise und die europ\u00e4ische Gewerkschaftsbewegung (Vasco Pedrina, 2011)<\/a><\/li><li><a href=\"https:\/\/global-labour.info\/de\/2011\/08\/26\/zur-offentlichkeitsarbeit-der-gewerkschaften-werner-thonnessen-1965\/\">Zur \u00d6ffentlichkeitsarbeit der Gewerkschaften (Werner Th\u00f6nnessen, 1965)<\/a><\/li><li><a href=\"https:\/\/global-labour.info\/de\/2012\/01\/02\/gewerkschaften-und-euro-krise-vasco-pedrina-2011\/\">Gewerkschaften und Euro-Krise (Vasco Pedrina, 2011)<\/a><\/li><li><a href=\"https:\/\/global-labour.info\/de\/2012\/02\/05\/die-revolution-kommt-zuruck-alexei-gusev-2011\/\">Die Revolution kommt zur\u00fcck (Alexei Gusev, 2011)<\/a><\/li><li><a href=\"https:\/\/global-labour.info\/de\/2012\/06\/27\/ein-anderes-europa-ist-moglich-vasco-pedrina-2012\/\">Ein anderes Europa ist m\u00f6glich (Vasco Pedrina, 2012)<\/a><\/li><li><a href=\"https:\/\/global-labour.info\/de\/2013\/01\/21\/buchanmeldung-schweizer-gewerkschaften-und-europa-1960-2005-rebekka-wyler-2012\/\">Buchanmeldung: Schweizer Gewerkschaften und Europa 1960-2005 (Rebekka Wyler, 2012)<\/a><\/li><li><a href=\"https:\/\/global-labour.info\/de\/2013\/05\/15\/gewerkschaftliche-strategien-fur-ein-anderes-europa-vasco-pedrina-2013\/\">Gewerkschaftliche Strategien f\u00fcr ein &#8220;anderes Europa&#8221; (Vasco Pedrina, 2013)<\/a><\/li><li><a href=\"https:\/\/global-labour.info\/de\/2013\/05\/25\/aufstieg-und-fall-des-wohlfahrtsstaates-asbjoern-wahl-2013\/\">Aufstieg und Fall des Wohlfahrtsstaates (Asbjoern Wahl, 2013)<\/a><\/li><li><a href=\"https:\/\/global-labour.info\/de\/2013\/05\/26\/jenseits-ausgetretener-pfade-karin-pape-2013\/\">Jenseits ausgetretener Pfade (Karin Pape, 2013)<\/a><\/li><li><a href=\"https:\/\/global-labour.info\/de\/2013\/09\/24\/gegen-den-trend-des-natonalen-ruckzugs-vasco-pedrina-2013\/\">Gegen den Trend des &#8220;natonalen R\u00fcckzugs&#8221; (Vasco Pedrina, 2013)<\/a><\/li><li><a href=\"https:\/\/global-labour.info\/de\/2013\/12\/22\/licht-in-den-kopfen-feuer-in-die-herzen-vasco-pedrina-2013\/\">&#8220;Licht in den K\u00f6pfen, Feuer in die Herzen!&#8221; (Vasco Pedrina, 2013)<\/a><\/li><li><a href=\"https:\/\/global-labour.info\/de\/2014\/02\/21\/zur-volksabstimmung-in-der-schweiz-vom-9-februar-2014-paul-rechsteiner-andreas-rieger-renzo-ambrosetti\/\">Zur Volksabstimmung in der Schweiz vom 9. Februar 2014 (Paul Rechsteiner, Andreas Rieger; Renzo Ambrosetti, 2014)<\/a><\/li><li><a href=\"https:\/\/global-labour.info\/de\/2014\/08\/30\/nur-ein-soziales-europa-macht-sinn-vasco-pedrina-2014\/\">Nur ein soziales Europa macht Sinn! (Vasco Pedrina, 2014)<\/a><\/li><li><a href=\"https:\/\/global-labour.info\/de\/2015\/07\/02\/was-in-der-griechischen-krise-wirklich-auf-dem-spiel-steht-iul-2015\/\">Was in der griechischen Krise wirklich auf dem Spiel steht (IUL, 2015)<\/a><\/li><\/ul><ul class='lcp_paginator'><li class='lcp_currentpage'>1<\/li><li><a href='https:\/\/global-labour.info\/de\/wp-json\/wp\/v2\/pages\/5?lcp_page0=2#lcp_instance_0' title='2'>2<\/a><\/li><li><a href='https:\/\/global-labour.info\/de\/wp-json\/wp\/v2\/pages\/5?lcp_page0=2#lcp_instance_0' title='2' class='lcp_nextlink'>>><\/a><\/li><\/ul>\n","protected":false},"excerpt":{"rendered":"","protected":false},"author":1,"featured_media":0,"parent":0,"menu_order":0,"comment_status":"closed","ping_status":"closed","template":"","meta":[],"_links":{"self":[{"href":"https:\/\/global-labour.info\/de\/wp-json\/wp\/v2\/pages\/5"}],"collection":[{"href":"https:\/\/global-labour.info\/de\/wp-json\/wp\/v2\/pages"}],"about":[{"href":"https:\/\/global-labour.info\/de\/wp-json\/wp\/v2\/types\/page"}],"author":[{"embeddable":true,"href":"https:\/\/global-labour.info\/de\/wp-json\/wp\/v2\/users\/1"}],"replies":[{"embeddable":true,"href":"https:\/\/global-labour.info\/de\/wp-json\/wp\/v2\/comments?post=5"}],"version-history":[{"count":18,"href":"https:\/\/global-labour.info\/de\/wp-json\/wp\/v2\/pages\/5\/revisions"}],"predecessor-version":[{"id":1872,"href":"https:\/\/global-labour.info\/de\/wp-json\/wp\/v2\/pages\/5\/revisions\/1872"}],"wp:attachment":[{"href":"https:\/\/global-labour.info\/de\/wp-json\/wp\/v2\/media?parent=5"}],"curies":[{"name":"wp","href":"https:\/\/api.w.org\/{rel}","templated":true}]}}