{"id":1400,"date":"2018-01-23T19:05:45","date_gmt":"2018-01-23T19:05:45","guid":{"rendered":"http:\/\/global-labour.info\/es\/?page_id=1400"},"modified":"2018-10-03T16:43:01","modified_gmt":"2018-10-03T16:43:01","slug":"contenidos","status":"publish","type":"page","link":"https:\/\/global-labour.info\/es\/contenidos\/","title":{"rendered":"Contenidos"},"content":{"rendered":"<p><span class=\"\" style=\"font-size: 16px;\">El Global Labor Institute es una organizaci\u00f3n de servicio laboral establecida en 1997 en Ginebra, Suiza.<\/span> <span class=\"\" style=\"font-size: 16px;\">Su prop\u00f3sito es apoyar los esfuerzos del movimiento laboral para enfrentar la globalizaci\u00f3n de la econom\u00eda mundial y sus consecuencias sociales y pol\u00edticas y, con este fin, fortalecer los v\u00ednculos y las redes entre los sindicatos y otras organizaciones de la sociedad civil con intereses similares o convergentes<\/span> <span class=\"\" style=\"font-size: 16px;\">, particularmente en la defensa de los derechos humanos y democr\u00e1ticos y la justicia social en todos sus aspectos.<\/span> <span class=\"\" style=\"font-size: 16px;\">Est\u00e1 guiado por los principios y valores del socialismo democr\u00e1tico.<\/span><\/p>\n<div id=\"gt-res-content\">\n<div id=\"gt-res-dir-ctr\" class=\"trans-verified-button-small\" dir=\"ltr\">\n<p><span class=\"\">El GLI est\u00e1 presidido por Dan Gallin, ex secretario general de la UITA (la federaci\u00f3n internacional de alimentos, agricultura, hosteler\u00eda y tabacaleras).<\/span><\/p>\n<p>Esta p\u00e1gina presenta una lista de todas las publicaciones en el sitio en espa\u00f1ol, ordenadas por categor\u00eda y fecha (de m\u00e1s antigua a m\u00e1s reciente).<\/p>\n<\/div>\n<ul class=\"lcp_catlist\" id=\"lcp_instance_0\"><li><a href=\"https:\/\/global-labour.info\/es\/2006\/12\/18\/que-es-el-global-labour-institute\/\">Qu\u00e9 es el Global Labour Institute<\/a><\/li><li><a href=\"https:\/\/global-labour.info\/es\/2006\/12\/18\/desarrollo-social-sindicatos-y-ongs-una-colaboracion-necesaria\/\">Desarrollo Social: Sindicatos y ONGs, una colaboraci\u00f3n necesaria (Dan Gallin, 2006)<\/a><\/li><li><a href=\"https:\/\/global-labour.info\/es\/2008\/03\/05\/direccion\/\">Direcci\u00f3n<\/a><\/li><li><a href=\"https:\/\/global-labour.info\/es\/2008\/03\/05\/notas-sobre-los-sindicatos-y-el-sector-informal-1999\/\">Notas sobre los sindicatos y el sector informal (1999)<\/a><\/li><li><a href=\"https:\/\/global-labour.info\/es\/2008\/06\/10\/plataforma-politica-de-temas-2002\/\">Plataforma pol\u00edtica de temas (2002)<\/a><\/li><li><a href=\"https:\/\/global-labour.info\/es\/2008\/06\/10\/crisis-y-resurreccion-del-sindicalismo-2004\/\">Crisis y resurrecci\u00f3n del sindicalismo (Gerardo Iglesias, 9 junio 2004)<\/a><\/li><li><a href=\"https:\/\/global-labour.info\/es\/2008\/06\/10\/no-un-gran-estallido-sino-un-gran-gemido-dan-gallin-2004\/\">No un gran estallido, sino un gran gemido (Dan Gallin, 2004)<\/a><\/li><li><a href=\"https:\/\/global-labour.info\/es\/2008\/06\/10\/por-donde-se-lo-mire-el-mundo-es-uno-solo-2004\/\">Por donde se lo mire, el mundo es uno solo (2004)<\/a><\/li><li><a href=\"https:\/\/global-labour.info\/es\/2008\/06\/10\/el-movimiento-sindical-internacional-frente-a-la-globalizacion-dan-gallin-2005\/\">El movimiento sindical internacional frente a la globalizaci\u00f3n (Dan Gallin, 2005)<\/a><\/li><li><a href=\"https:\/\/global-labour.info\/es\/2008\/07\/07\/fundacion-francisco-largo-caballero\/\">Fundaci\u00f3n Francisco Largo Caballero<\/a><\/li><li><a href=\"https:\/\/global-labour.info\/es\/2008\/07\/07\/fundacion-andreu-nin\/\">Fundaci\u00f3n Andreu Nin<\/a><\/li><li><a href=\"https:\/\/global-labour.info\/es\/2008\/07\/13\/claridad-madrid\/\">Claridad (Madrid)<\/a><\/li><li><a href=\"https:\/\/global-labour.info\/es\/2008\/07\/13\/trasversales-madrid\/\">Trasversales (Madrid)<\/a><\/li><li><a href=\"https:\/\/global-labour.info\/es\/2008\/07\/13\/victor-serge-memoria-de-un-escritor-combatiente-wilebaldo-solano-1997\/\">Victor Serge: memoria de un escritor combatiente (Wilebaldo Solano, 1997)<\/a><\/li><li><a href=\"https:\/\/global-labour.info\/es\/2008\/07\/21\/escuela-julian-besteiro\/\">Escuela Juli\u00e1n Besteiro<\/a><\/li><li><a href=\"https:\/\/global-labour.info\/es\/2008\/07\/22\/las-dos-almas-del-socialismo-hal-draper-1966\/\">Las dos almas del socialismo (Hal Draper, 1966)<\/a><\/li><li><a href=\"https:\/\/global-labour.info\/es\/2008\/07\/22\/sindicalismo-y-nuevo-orden-mundial-dan-gallin-1994\/\">Sindicalismo y Nuevo Orden Mundial (Dan Gallin, 1994)<\/a><\/li><li><a href=\"https:\/\/global-labour.info\/es\/2008\/07\/22\/podra-el-capitalismo-sobrevivir-al-cambio-climatico-walden-bello-2008\/\">\u00bfPodr\u00e1 el capitalismo sobrevivir al cambio clim\u00e1tico? (Walden Bello, 2008)<\/a><\/li><li><a href=\"https:\/\/global-labour.info\/es\/2008\/07\/31\/fundacion-salvador-segui\/\">Fundaci\u00f3n Salvador Segu\u00ed<\/a><\/li><li><a href=\"https:\/\/global-labour.info\/es\/2008\/07\/31\/fundacion-anselmo-lorenzo\/\">Fundaci\u00f3n Anselmo Lorenzo<\/a><\/li><li><a href=\"https:\/\/global-labour.info\/es\/2008\/07\/31\/fundacion-1-de-mayo\/\">Fundaci\u00f3n 1\u00b0 de mayo<\/a><\/li><li><a href=\"https:\/\/global-labour.info\/es\/2008\/09\/11\/la-bataille-socialiste\/\">La bataille socialiste<\/a><\/li><li><a href=\"https:\/\/global-labour.info\/es\/2008\/09\/11\/treinta-anos-despues-de-la-revolucion-rusa-victor-serge-1947\/\">Treinta a\u00f1os despu\u00e9s de la Revoluci\u00f3n Rusa (Victor Serge, 1947)<\/a><\/li><li><a href=\"https:\/\/global-labour.info\/es\/2008\/09\/12\/socialismo-y-libertad-claudio-albertani\/\">\u201cSocialismo y Libertad\u201d (Claudio Albertani, 2007)<\/a><\/li><li><a href=\"https:\/\/global-labour.info\/es\/2008\/09\/16\/bolivar-y-ponte-karl-marx-1858\/\">Bol\u00edvar y Ponte (Karl Marx, 1858)<\/a><\/li><li><a href=\"https:\/\/global-labour.info\/es\/2008\/09\/17\/marxismo-libertario\/\">Marxismo Libertario<\/a><\/li><li><a href=\"https:\/\/global-labour.info\/es\/2008\/09\/24\/sirel-montevideo\/\">SIREL (Montevideo)<\/a><\/li><li><a href=\"https:\/\/global-labour.info\/es\/2008\/09\/24\/la-insignia\/\">La Insignia<\/a><\/li><li><a href=\"https:\/\/global-labour.info\/es\/2008\/09\/24\/nueva-sociedad-buenos-aires\/\">Nueva Sociedad (Buenos Aires)<\/a><\/li><li><a href=\"https:\/\/global-labour.info\/es\/2009\/03\/10\/la-economia-informal-y-su-organizacion-en-america-latina-lucia-rosales-2003\/\">La econom\u00eda informal y su organizaci\u00f3n en Am\u00e9rica latina (Lucia Rosales, 2003)<\/a><\/li><li><a href=\"https:\/\/global-labour.info\/es\/2009\/03\/10\/el-movimiento-piquetero-lucia-rosales-2003\/\">El movimiento piquetero (Lucia Rosales, 2003)<\/a><\/li><li><a href=\"https:\/\/global-labour.info\/es\/2009\/03\/16\/sin-permiso\/\">Sin Permiso<\/a><\/li><li><a href=\"https:\/\/global-labour.info\/es\/2010\/07\/29\/chavez-quiere-comprarse-una-revolucion-por-joaquin-villalobos-2007\/\">Ch\u00e1vez quiere comprarse una revoluci\u00f3n (por Joaqu\u00edn Villalobos, 2007)<\/a><\/li><li><a href=\"https:\/\/global-labour.info\/es\/2010\/07\/29\/para-entender-el-chavismo-por-alberto-garrido-2007\/\">Para entender el chavismo (por Alberto Garrido, 2007)<\/a><\/li><li><a href=\"https:\/\/global-labour.info\/es\/2010\/07\/29\/hay-una-batalla-politica-en-el-pais-en-todos-los-ambitos-y-particularmente-en-le-movimiento-sindical-entrevista-con-orlando-chirinos-2009\/\">Hay una batalla pol\u00edtica en el pa\u00eds en todos los \u00e1mbitos y particularmente en le movimiento sindical (entrevista con Orlando Chirinos, 2009)<\/a><\/li><li><a href=\"https:\/\/global-labour.info\/es\/2010\/07\/29\/vetelca-historia-de-la-primera-maquila-bolivariana-por-rafael-uzcategui-2009\/\">Vetelca: Historia de la primera maquila bolivariana (Rafael Uzc\u00e1tegui, 2009)<\/a><\/li><li><a href=\"https:\/\/global-labour.info\/es\/2010\/09\/10\/ii-congreso-mundial-de-la-csi-luis-alejandro-pedraza-2010\/\">II Congreso Mundial de la CSI (Luis Alejandro Pedraza, 2010)<\/a><\/li><li><a href=\"https:\/\/global-labour.info\/es\/2010\/09\/12\/wilebaldo-solano\/\">Wilebaldo Solano (Bernardo Veksler, 2010)<\/a><\/li><li><a href=\"https:\/\/global-labour.info\/es\/2010\/09\/18\/huelga-general-contra-el-giro-antisocial-jose-maria-zufiaur-2010\/\">Huelga General Contra el Giro Antisocial (Jos\u00e9 Maria Zufiaur, 2010)<\/a><\/li><li><a href=\"https:\/\/global-labour.info\/es\/2011\/05\/05\/una-oposicion-democratica-social-por-demetrio-boersner-2011\/\">Venezuela: Una oposici\u00f3n democr\u00e1tica social (por Demetrio Boersner, Mayo 2011)<\/a><\/li><\/ul><ul class='lcp_paginator'><li class='lcp_currentpage'>1<\/li><li><a href='https:\/\/global-labour.info\/es\/wp-json\/wp\/v2\/pages\/1400?lcp_page0=2#lcp_instance_0' title='2'>2<\/a><\/li><li><a href='https:\/\/global-labour.info\/es\/wp-json\/wp\/v2\/pages\/1400?lcp_page0=2#lcp_instance_0' title='2' class='lcp_nextlink'>>><\/a><\/li><\/ul>\n<\/div>\n","protected":false},"excerpt":{"rendered":"<p>El Global Labor Institute es una organizaci\u00f3n de servicio laboral establecida en 1997 en Ginebra, Suiza. Su prop\u00f3sito es apoyar los esfuerzos del movimiento laboral para enfrentar la globalizaci\u00f3n de la econom\u00eda mundial y sus consecuencias sociales y pol\u00edticas y, con este fin, fortalecer los v\u00ednculos y las redes entre los sindicatos y otras organizaciones [&hellip;]<\/p>\n","protected":false},"author":2,"featured_media":0,"parent":0,"menu_order":0,"comment_status":"closed","ping_status":"closed","template":"","meta":[],"_links":{"self":[{"href":"https:\/\/global-labour.info\/es\/wp-json\/wp\/v2\/pages\/1400"}],"collection":[{"href":"https:\/\/global-labour.info\/es\/wp-json\/wp\/v2\/pages"}],"about":[{"href":"https:\/\/global-labour.info\/es\/wp-json\/wp\/v2\/types\/page"}],"author":[{"embeddable":true,"href":"https:\/\/global-labour.info\/es\/wp-json\/wp\/v2\/users\/2"}],"replies":[{"embeddable":true,"href":"https:\/\/global-labour.info\/es\/wp-json\/wp\/v2\/comments?post=1400"}],"version-history":[{"count":12,"href":"https:\/\/global-labour.info\/es\/wp-json\/wp\/v2\/pages\/1400\/revisions"}],"predecessor-version":[{"id":1681,"href":"https:\/\/global-labour.info\/es\/wp-json\/wp\/v2\/pages\/1400\/revisions\/1681"}],"wp:attachment":[{"href":"https:\/\/global-labour.info\/es\/wp-json\/wp\/v2\/media?parent=1400"}],"curies":[{"name":"wp","href":"https:\/\/api.w.org\/{rel}","templated":true}]}}