{"id":185,"date":"2018-01-23T16:47:12","date_gmt":"2018-01-23T16:47:12","guid":{"rendered":"http:\/\/global-labour.info\/fr\/?page_id=185"},"modified":"2018-10-03T16:34:22","modified_gmt":"2018-10-03T16:34:22","slug":"contenu","status":"publish","type":"page","link":"https:\/\/global-labour.info\/fr\/contenu\/","title":{"rendered":"Contenu"},"content":{"rendered":"<p><span id=\"result_box\" class=\"\" lang=\"fr\">Le Global Labour Institute est une organisation de travail fond\u00e9e en 1997 \u00e0 Gen\u00e8ve, en Suisse. Son but est de soutenir les efforts du mouvement ouvrier pour faire face \u00e0 la mondialisation de l&#8217;\u00e9conomie mondiale et \u00e0 ses cons\u00e9quences sociales et politiques et, \u00e0 cette fin, renforcer les liens et les r\u00e9seaux entre syndicats et autres organisations de la soci\u00e9t\u00e9 civile ayant des int\u00e9r\u00eats similaires ou convergents, en particulier dans la d\u00e9fense des droits humains et d\u00e9mocratiques et de la justice sociale sous tous ses aspects. Il est guid\u00e9 par les principes et les valeurs du socialisme d\u00e9mocratique.<\/span><\/p>\n<p><span class=\"\">Le GLI est pr\u00e9sid\u00e9 par Dan Gallin, ancien secr\u00e9taire g\u00e9n\u00e9ral de l&#8217;UITA (F\u00e9d\u00e9ration internationale des syndicats de l&#8217;alimentation, de l&#8217;agriculture, de l&#8217;h\u00f4tellerie et de la restauration et du tabac).<\/span><\/p>\n<p>Cette page pr\u00e9sente une liste de tous les articles du site en fran\u00e7ais, class\u00e9s par cat\u00e9gorie et par date (du plus ancien au plus r\u00e9cent).<\/p>\n<ul class=\"lcp_catlist\" id=\"lcp_instance_0\"><li><a href=\"https:\/\/global-labour.info\/fr\/1997\/11\/15\/mondialisation-et-initiatives-citoyennes-par-dan-gallin-1997\/\">Mondialisation et Initiatives Citoyennes (Dan Gallin, 1997)<\/a><\/li><li><a href=\"https:\/\/global-labour.info\/fr\/2007\/07\/13\/algerie-devoir-de-memoire\/\">Alg\u00e9rie &#8211; Devoir de m\u00e9moire (Dan Gallin, Juin 1996)<\/a><\/li><li><a href=\"https:\/\/global-labour.info\/fr\/2007\/07\/13\/les-archives-du-mouvement-ouvrier-un-enjeu-identitaire-par-dan-gallin-2004\/\">Les archives du mouvement ouvrier: un enjeu identitaire &#8211; par Dan Gallin (Mai 2004)<\/a><\/li><li><a href=\"https:\/\/global-labour.info\/fr\/2008\/01\/03\/un-retour-en-arriere-pour-lavenir-vasco-pedrina-2006\/\">Un retour en arri\u00e8re pour l&#8217;avenir &#8211; Vasco Pedrina (2006)<\/a><\/li><li><a href=\"https:\/\/global-labour.info\/fr\/2008\/04\/27\/syndicats-et-ong-dans-le-developpement-social-un-partenariat-necessaire-par-dan-gallin-1999\/\">Syndicats et ONG dans le d\u00e9veloppement social &#8211; Un partenariat n\u00e9cessaire  &#8211;  par Dan Gallin (1999)<\/a><\/li><li><a href=\"https:\/\/global-labour.info\/fr\/2008\/04\/28\/syndicalisme-le-retour-par-dan-gallin-2003\/\">Syndicalisme: le retour &#8211; par Dan Gallin (2003)<\/a><\/li><li><a href=\"https:\/\/global-labour.info\/fr\/2008\/04\/28\/2012\/\">Rapport d\u2019activit\u00e9s 2012<\/a><\/li><li><a href=\"https:\/\/global-labour.info\/fr\/2008\/04\/29\/pour-un-mouvement-social-europeen-pierre-bourdieu-1999\/\">Pour un mouvement social europ\u00e9en &#8211; Pierre Bourdieu (1999)<\/a><\/li><li><a href=\"https:\/\/global-labour.info\/fr\/2008\/04\/29\/pour-un-savoir-engage-pierre-bourdieu-2001\/\">Pour un savoir engag\u00e9 &#8211; Pierre Bourdieu (2001)<\/a><\/li><li><a href=\"https:\/\/global-labour.info\/fr\/2008\/04\/29\/droits-sociaux-et-secteur-informel-par-dan-gallin-1999\/\">Droits sociaux et secteur informel &#8211; par Dan Gallin (1999)<\/a><\/li><li><a href=\"https:\/\/global-labour.info\/fr\/2008\/04\/29\/responsabilite-sociale-des-entreprises-par-gerard-fonteneau-2003\/\">Responsabilit\u00e9 sociale des entreprises &#8211; par G\u00e9rard Fonteneau (2003)<\/a><\/li><li><a href=\"https:\/\/global-labour.info\/fr\/2008\/04\/29\/patrimoine-social-europeen-gerard-fonteneau-2004\/\">Patrimoine social europ\u00e9en &#8211;  G\u00e9rard Fonteneau (2004)<\/a><\/li><li><a href=\"https:\/\/global-labour.info\/fr\/2008\/04\/30\/le-mouvement-ouvrier-international-histoire-et-ideologies-par-dan-gallin-2003\/\">Le mouvement ouvrier international, histoire et id\u00e9ologies \u2013 par Dan Gallin (2003)<\/a><\/li><li><a href=\"https:\/\/global-labour.info\/fr\/2008\/04\/30\/2011\/\">Rapport d\u2019activit\u00e9s 2011<\/a><\/li><li><a href=\"https:\/\/global-labour.info\/fr\/2008\/04\/30\/2010\/\">Rapport d\u2019activit\u00e9s 2010<\/a><\/li><li><a href=\"https:\/\/global-labour.info\/fr\/2008\/04\/30\/2009\/\">Rapport d&#8217;activit\u00e9s 2009<\/a><\/li><li><a href=\"https:\/\/global-labour.info\/fr\/2008\/04\/30\/2008\/\">Rapport d\u2019activit\u00e9s 2008<\/a><\/li><li><a href=\"https:\/\/global-labour.info\/fr\/2008\/05\/01\/2007\/\">Rapport d&#8217;activit\u00e9s 2007<\/a><\/li><li><a href=\"https:\/\/global-labour.info\/fr\/2008\/05\/01\/un-big-bang-pitoyable-par-dan-gallin-2004\/\">Un \u00ab big bang \u00bb pitoyable &#8211; par Dan Gallin (2004)<\/a><\/li><li><a href=\"https:\/\/global-labour.info\/fr\/2008\/05\/01\/le-mouvement-ouvrier-par-dan-gallin-2005\/\">Le mouvement ouvrier &#8211; par Dan Gallin (2005)<\/a><\/li><li><a href=\"https:\/\/global-labour.info\/fr\/2008\/05\/01\/la-nouvelle-internationale-syndicale-par-dan-gallin-2006\/\">La nouvelle Internationale syndicale &#8211; par Dan Gallin (2006)<\/a><\/li><li><a href=\"https:\/\/global-labour.info\/fr\/2008\/05\/02\/financialisation-par-peter-rossman-et-gerard-greenfield\/\">Financialisation  (Peter Rossman et Gerard Greenfield, 2008)<\/a><\/li><li><a href=\"https:\/\/global-labour.info\/fr\/2008\/05\/02\/mondialisation-comprendre-pour-agir-par-dan-gallin-2002\/\">Mondialisation\u2014comprendre pour agir (Dan Gallin, 2002)<\/a><\/li><li><a href=\"https:\/\/global-labour.info\/fr\/2008\/05\/02\/anti-mondialisation-et-syndicats-par-dan-gallin-2001\/\">Anti-Mondialisation et Syndicats (Dan Gallin, 2001)<\/a><\/li><li><a href=\"https:\/\/global-labour.info\/fr\/2008\/05\/02\/lordre-du-jour-syndical-face-a-la-mondialisation-par-dan-gallin-2001\/\">L&#8217;ordre du jour syndical face \u00e0 la mondialisation (Dan Gallin, 2001)<\/a><\/li><li><a href=\"https:\/\/global-labour.info\/fr\/2008\/05\/02\/a-lheure-de-la-mondialisation-quel-mouvement-syndical-par-dan-gallin-2000\/\">A l&#8217;heure de la mondialisation, quel mouvement syndical (Dan Gallin, 2000)<\/a><\/li><li><a href=\"https:\/\/global-labour.info\/fr\/2008\/05\/02\/statuts-de-la-fondation-global-labour-institute\/\">Statuts de la Fondation Global Labour Institute (GLI, 11 octobre 2013)<\/a><\/li><li><a href=\"https:\/\/global-labour.info\/fr\/2008\/05\/02\/le-contre-pouvoir-du-syndicalisme-international-a-lere-de-la-mondialisation-par-dan-gallin-2008\/\">Le contre-pouvoir du syndicalisme international \u00e0 l&#8217;\u00e8re de la mondialisation (Dan Gallin, 2008)<\/a><\/li><li><a href=\"https:\/\/global-labour.info\/fr\/2008\/05\/02\/entretien-avec-peter-rutters-2001\/\">Entretien avec Dan Gallin (Peter R\u00fctters, 24\/6 ao\u00fbt 2001)<\/a><\/li><li><a href=\"https:\/\/global-labour.info\/fr\/2008\/05\/02\/2006\/\">Rapports d\u2019Activit\u00e9s (GLI, 2006)<\/a><\/li><li><a href=\"https:\/\/global-labour.info\/fr\/2008\/05\/02\/2005\/\">Rapports d\u2019Activit\u00e9s (GLI, 2005)<\/a><\/li><li><a href=\"https:\/\/global-labour.info\/fr\/2008\/06\/10\/presentation-du-global-labour-institute\/\">Pr\u00e9sentation du Global Labour Institute (GLI, Septembre 2013)<\/a><\/li><li><a href=\"https:\/\/global-labour.info\/fr\/2008\/07\/01\/college-du-travail-ch\/\">Coll\u00e8ge du Travail (CH)<\/a><\/li><li><a href=\"https:\/\/global-labour.info\/fr\/2008\/07\/02\/reseau-de-reflexion-ch\/\">R\u00e9seau de r\u00e9flexion (CH)<\/a><\/li><li><a href=\"https:\/\/global-labour.info\/fr\/2008\/07\/14\/adresse\/\">Adresse (GLI)<\/a><\/li><li><a href=\"https:\/\/global-labour.info\/fr\/2008\/07\/14\/conseil-consultatif\/\">Conseil consultatif (GLI, Mars 2016)<\/a><\/li><li><a href=\"https:\/\/global-labour.info\/fr\/2008\/07\/18\/leurope-gagnee-par-leconomie-communiste-de-marche-alain-supiot-2008\/\">L\u2019Europe gagn\u00e9e par &#8220;l\u2019\u00e9conomie communiste de march\u00e9&#8221; (Alain Supiot, Juillet 2008)<\/a><\/li><li><a href=\"https:\/\/global-labour.info\/fr\/2008\/07\/28\/pages-de-gauche-ch\/\">Pages de gauche (CH)<\/a><\/li><li><a href=\"https:\/\/global-labour.info\/fr\/2008\/07\/28\/domaine-public-ch\/\">Domaine Public (CH)<\/a><\/li><li><a href=\"https:\/\/global-labour.info\/fr\/2008\/07\/29\/la-bataille-socialiste-fr\/\">La bataille socialiste (FR)<\/a><\/li><\/ul><ul class='lcp_paginator'><li class='lcp_currentpage'>1<\/li><li><a href='https:\/\/global-labour.info\/fr\/wp-json\/wp\/v2\/pages\/185?lcp_page0=2#lcp_instance_0' title='2'>2<\/a><\/li><li><a href='https:\/\/global-labour.info\/fr\/wp-json\/wp\/v2\/pages\/185?lcp_page0=3#lcp_instance_0' title='3'>3<\/a><\/li><li><a href='https:\/\/global-labour.info\/fr\/wp-json\/wp\/v2\/pages\/185?lcp_page0=4#lcp_instance_0' title='4'>4<\/a><\/li><li><a href='https:\/\/global-labour.info\/fr\/wp-json\/wp\/v2\/pages\/185?lcp_page0=2#lcp_instance_0' title='2' class='lcp_nextlink'>>><\/a><\/li><\/ul>\n<p>&nbsp;<\/p>\n","protected":false},"excerpt":{"rendered":"<p>Le Global Labour Institute est une organisation de travail fond\u00e9e en 1997 \u00e0 Gen\u00e8ve, en Suisse. Son but est de soutenir les efforts du mouvement ouvrier pour faire face \u00e0 la mondialisation de l&#8217;\u00e9conomie mondiale et \u00e0 ses cons\u00e9quences sociales et politiques et, \u00e0 cette fin, renforcer les liens et les r\u00e9seaux entre syndicats et [&hellip;]<\/p>\n","protected":false},"author":2,"featured_media":0,"parent":0,"menu_order":0,"comment_status":"closed","ping_status":"closed","template":"","meta":[],"_links":{"self":[{"href":"https:\/\/global-labour.info\/fr\/wp-json\/wp\/v2\/pages\/185"}],"collection":[{"href":"https:\/\/global-labour.info\/fr\/wp-json\/wp\/v2\/pages"}],"about":[{"href":"https:\/\/global-labour.info\/fr\/wp-json\/wp\/v2\/types\/page"}],"author":[{"embeddable":true,"href":"https:\/\/global-labour.info\/fr\/wp-json\/wp\/v2\/users\/2"}],"replies":[{"embeddable":true,"href":"https:\/\/global-labour.info\/fr\/wp-json\/wp\/v2\/comments?post=185"}],"version-history":[{"count":14,"href":"https:\/\/global-labour.info\/fr\/wp-json\/wp\/v2\/pages\/185\/revisions"}],"predecessor-version":[{"id":656,"href":"https:\/\/global-labour.info\/fr\/wp-json\/wp\/v2\/pages\/185\/revisions\/656"}],"wp:attachment":[{"href":"https:\/\/global-labour.info\/fr\/wp-json\/wp\/v2\/media?parent=185"}],"curies":[{"name":"wp","href":"https:\/\/api.w.org\/{rel}","templated":true}]}}