{"id":119,"date":"2018-01-23T21:50:04","date_gmt":"2018-01-23T21:50:04","guid":{"rendered":"http:\/\/global-labour.info\/sk\/?page_id=119"},"modified":"2018-10-03T16:33:03","modified_gmt":"2018-10-03T16:33:03","slug":"innehall","status":"publish","type":"page","link":"https:\/\/global-labour.info\/sk\/innehall\/","title":{"rendered":"Inneh\u00e5ll"},"content":{"rendered":"<p><span id=\"result_box\" class=\"\" lang=\"sv\"><span class=\"\">Global Labor Institute \u00e4r en arbetsf\u00f6rmedlingsorganisation som grundades 1997 i Gen\u00e8ve, Schweiz.<\/span> <span class=\"\">Dess syfte \u00e4r att st\u00f6dja arbetarr\u00f6relsens anstr\u00e4ngningar f\u00f6r att m\u00f6ta globaliseringen av v\u00e4rldsekonomin och dess sociala och politiska konsekvenser och, i detta syfte, st\u00e4rka kopplingar och n\u00e4tverk mellan fackf\u00f6reningar och andra civila samh\u00e4llsorganisationer med liknande eller konvergerande intressen<\/span> <span class=\"\">, s\u00e4rskilt i f\u00f6rsvaret av m\u00e4nskliga och demokratiska r\u00e4ttigheter och social r\u00e4ttvisa i alla dess aspekter.<\/span> <span class=\"\">Den styrs av demokratiska socialismens principer och v\u00e4rderingar.<\/span><\/span><\/p>\n<p><span class=\"\">GLI \u00e4r ordf\u00f6randeskap av Dan Gallin, tidigare generalsekreterare i IUF (internationell mat, jordbruk, g\u00e4stfrihet och tobaksf\u00f6rbund).<\/span><\/p>\n<p>Den h\u00e4r sidan presenterar en lista \u00f6ver alla inl\u00e4gg p\u00e5 den skandinaviska spr\u00e5ksidan, sorterad efter kategori och datum (\u00e4ldsta till senaste).<\/p>\n<ul class=\"lcp_catlist\" id=\"lcp_instance_0\"><li><a href=\"https:\/\/global-labour.info\/sk\/2006\/09\/11\/kontakt\/\">Kontakt<\/a><\/li><li><a href=\"https:\/\/global-labour.info\/sk\/2008\/06\/30\/detta-ar-global-labour-institute\/\">Detta \u00e4r Global Labour Institute<\/a><\/li><li><a href=\"https:\/\/global-labour.info\/sk\/2008\/06\/30\/sosialdemokrati-individ-og-stat-reiulf-steen-2004\/\">Sosialdemokrati, individ og stat (Reiulf Steen, 2004)<\/a><\/li><li><a href=\"https:\/\/global-labour.info\/sk\/2008\/06\/30\/globaliseringens-foljdverkningar-dan-gallin-1997\/\">Globaliseringens f\u00f6ljdverkningar (Dan Gallin, 1997)<\/a><\/li><li><a href=\"https:\/\/global-labour.info\/sk\/2008\/06\/30\/den-globala-arbetarrorelsen-dan-gallin-1998\/\">Den Globala Arbetarr\u00f6relsen (Dan Gallin, 1998)<\/a><\/li><li><a href=\"https:\/\/global-labour.info\/sk\/2008\/06\/30\/globalisering-manskliga-rattigheter-fackliga-rattigheter-dan-gallin-2001\/\">Globalisering, m\u00e4nskliga r\u00e4ttigheter, fackliga r\u00e4ttigheter (Dan Gallin, 27 Oktober 2001)<\/a><\/li><li><a href=\"https:\/\/global-labour.info\/sk\/2008\/06\/30\/strategier-for-arbejderbevaegelsen-dan-gallin-2003\/\">5. Strategier for Arbejderbev\u00e6gelsen (Dan Gallin, 2003)<\/a><\/li><li><a href=\"https:\/\/global-labour.info\/sk\/2008\/06\/30\/inte-med-en-small-utan-med-gnall-dan-gallin-2004\/\">Inte med en sm\u00e4ll utan med gn\u00e4ll (Dan Gallin, 2004)<\/a><\/li><li><a href=\"https:\/\/global-labour.info\/sk\/2008\/07\/21\/facket-och-informellt-arbete-marie-narlid\/\">Facket och informellt arbete (Marie N\u00e4rlid)<\/a><\/li><li><a href=\"https:\/\/global-labour.info\/sk\/2008\/07\/21\/sosialismens-to-sjeler-hal-draper-1966\/\">Sosialismens to sjeler (Hal Draper, 1966)<\/a><\/li><li><a href=\"https:\/\/global-labour.info\/sk\/2008\/07\/31\/arbetarrorelsens-tankesmedja-se\/\">Arbetarr\u00f6relsens Tankesmedja (SE)<\/a><\/li><li><a href=\"https:\/\/global-labour.info\/sk\/2008\/07\/31\/arenagruppen-se\/\">Arenagruppen (SE)<\/a><\/li><li><a href=\"https:\/\/global-labour.info\/sk\/2008\/07\/31\/arbetarnas-bildningsforbund-se\/\">Arbetarnas Bildningsf\u00f6rbund (SE)<\/a><\/li><li><a href=\"https:\/\/global-labour.info\/sk\/2008\/07\/31\/tankarnas-tradgard-se\/\">Tankarnas Tr\u00e4dg\u00e5rd (SE)<\/a><\/li><li><a href=\"https:\/\/global-labour.info\/sk\/2008\/07\/31\/institutet-for-framtidsstudier-se\/\">Institutet f\u00f6r Framtidsstudier (SE)<\/a><\/li><li><a href=\"https:\/\/global-labour.info\/sk\/2008\/07\/31\/arbetaren-se\/\">Arbetaren (SE)<\/a><\/li><li><a href=\"https:\/\/global-labour.info\/sk\/2008\/07\/31\/fafo-institutt-for-arbeidslivs-og-velferdsforskning-no\/\">Fafo Institutt for arbeidslivs og velferdsforskning (NO)<\/a><\/li><li><a href=\"https:\/\/global-labour.info\/sk\/2008\/07\/31\/for-velferdsstaten-no\/\">For velferdsstaten (NO)<\/a><\/li><li><a href=\"https:\/\/global-labour.info\/sk\/2008\/07\/31\/arbejdernes-oplysningsforbund-dk\/\">Arbejdernes Oplysningsforbund (DK)<\/a><\/li><li><a href=\"https:\/\/global-labour.info\/sk\/2008\/07\/31\/kontrast-dk\/\">Kontrast (DK)<\/a><\/li><li><a href=\"https:\/\/global-labour.info\/sk\/2008\/09\/12\/la-bataille-socialiste\/\">La bataille socialiste<\/a><\/li><li><a href=\"https:\/\/global-labour.info\/sk\/2008\/09\/12\/marxists-internet-archive\/\">Marxists Internet Archive<\/a><\/li><li><a href=\"https:\/\/global-labour.info\/sk\/2008\/09\/17\/det-ny-clarte-dk\/\">Det Ny Clart\u00e9 (DK)<\/a><\/li><li><a href=\"https:\/\/global-labour.info\/sk\/2008\/09\/18\/arbejderhistorie-dk\/\">Arbejderhistorie (DK)<\/a><\/li><li><a href=\"https:\/\/global-labour.info\/sk\/2008\/09\/26\/mal-medel-se\/\">M\u00e5l &amp; Medel (SE)<\/a><\/li><li><a href=\"https:\/\/global-labour.info\/sk\/2009\/01\/06\/arbetet-se\/\">Arbetet (SE)<\/a><\/li><li><a href=\"https:\/\/global-labour.info\/sk\/2011\/01\/18\/natverket-for-gemensam-valfard-se\/\">N\u00e4tverket f\u00f6r gemensam v\u00e4lf\u00e4rd (SE)<\/a><\/li><li><a href=\"https:\/\/global-labour.info\/sk\/2011\/06\/29\/den-norske-metode-asbjoern-wahl-2007\/\">Den norske metode (Asbj\u00f8rn Wahl, 2007)<\/a><\/li><li><a href=\"https:\/\/global-labour.info\/sk\/2011\/07\/30\/varldsfacket-sviker-de-kinesiska-arbetarna-hans-olof-nilsson-2011\/\">V\u00e4rldsfacket sviker de kinesiska arbetarna (Hans-Olof Nilsson, 2011)<\/a><\/li><li><a href=\"https:\/\/global-labour.info\/sk\/2011\/09\/29\/livs-protesterar-mot-att-varldsfacket-stodjer-diktaturens-fackforening-malin-klingzell-brulin-2011\/\">Livs protesterar mot att v\u00e4rldsfacket st\u00f6djer diktaturens \u201dfackf\u00f6rening\u201d (Malin Klingzell-Brulin, 2011)<\/a><\/li><li><a href=\"https:\/\/global-labour.info\/sk\/2011\/11\/08\/sommardagar-pa-utoya-dan-gallin-2011\/\">Sommardagar p\u00e5 Ut\u00f8ya (Dan Gallin, 2011)<\/a><\/li><li><a href=\"https:\/\/global-labour.info\/sk\/2014\/05\/29\/uttal-om-ttip-nordisk-transportarbeiderfoederasjon-2014\/\">Uttal om TTIP (Nordisk Transportarbeiderf\u00f8derasjon, 2014)<\/a><\/li><li><a href=\"https:\/\/global-labour.info\/sk\/2015\/07\/02\/vad-ar-det-som-verkligen-star-pa-spel-i-den-grekiska-krisen-iul-2015\/\">Vad \u00e4r det som verkligen st\u00e5r p\u00e5 spel i den grekiska krisen (IUL,1 July 2015)<\/a><\/li><li><a href=\"https:\/\/global-labour.info\/sk\/2017\/03\/16\/reaksjonaer-arbeiderklasse-asbjoern-wahl-2017\/\">Reaksjonaer arbeiderklasse? (Asbj\u00f8rn Wahl, 2017)<\/a><\/li><li><a href=\"https:\/\/global-labour.info\/sk\/2017\/03\/16\/er-arbejderklassen-reaktionaer-asbjoern-wah-2917\/\">Er arbejderklassen reaktionaer? (Asbj\u00f8rn Wahl, 2017)<\/a><\/li><\/ul>\n","protected":false},"excerpt":{"rendered":"<p>Global Labor Institute \u00e4r en arbetsf\u00f6rmedlingsorganisation som grundades 1997 i Gen\u00e8ve, Schweiz. Dess syfte \u00e4r att st\u00f6dja arbetarr\u00f6relsens anstr\u00e4ngningar f\u00f6r att m\u00f6ta globaliseringen av v\u00e4rldsekonomin och dess sociala och politiska konsekvenser och, i detta syfte, st\u00e4rka kopplingar och n\u00e4tverk mellan fackf\u00f6reningar och andra civila samh\u00e4llsorganisationer med liknande eller konvergerande intressen , s\u00e4rskilt i f\u00f6rsvaret av [&hellip;]<\/p>\n","protected":false},"author":2,"featured_media":0,"parent":0,"menu_order":0,"comment_status":"closed","ping_status":"closed","template":"","meta":[],"_links":{"self":[{"href":"https:\/\/global-labour.info\/sk\/wp-json\/wp\/v2\/pages\/119"}],"collection":[{"href":"https:\/\/global-labour.info\/sk\/wp-json\/wp\/v2\/pages"}],"about":[{"href":"https:\/\/global-labour.info\/sk\/wp-json\/wp\/v2\/types\/page"}],"author":[{"embeddable":true,"href":"https:\/\/global-labour.info\/sk\/wp-json\/wp\/v2\/users\/2"}],"replies":[{"embeddable":true,"href":"https:\/\/global-labour.info\/sk\/wp-json\/wp\/v2\/comments?post=119"}],"version-history":[{"count":17,"href":"https:\/\/global-labour.info\/sk\/wp-json\/wp\/v2\/pages\/119\/revisions"}],"predecessor-version":[{"id":245,"href":"https:\/\/global-labour.info\/sk\/wp-json\/wp\/v2\/pages\/119\/revisions\/245"}],"wp:attachment":[{"href":"https:\/\/global-labour.info\/sk\/wp-json\/wp\/v2\/media?parent=119"}],"curies":[{"name":"wp","href":"https:\/\/api.w.org\/{rel}","templated":true}]}}