{"id":133,"date":"2018-01-23T22:15:45","date_gmt":"2018-01-23T22:15:45","guid":{"rendered":"http:\/\/global-labour.info\/sk\/?page_id=133"},"modified":"2018-05-28T18:23:24","modified_gmt":"2018-05-28T18:23:24","slug":"lankar","status":"publish","type":"page","link":"https:\/\/global-labour.info\/sk\/lankar\/","title":{"rendered":"L\u00e4nkar"},"content":{"rendered":"<p>[insert_php]<br \/>\nfunction match_uri($str)<br \/>\n{<br \/>\n  preg_match(&#8216;|^\/([^\/]+)|&#8217;, $str, $matches);<br \/>\n  if (!isset($matches[1]))<br \/>\n    return false;<br \/>\n  return $matches[1];<br \/>\n}<br \/>\n$LANGUAGE = match_uri($_SERVER[&#8216;REQUEST_URI&#8217;]);<br \/>\nif($LANGUAGE==&#8221;sk&#8221;) {<br \/>\necho &#8220;SKANDINAVISK (SVENSK\/DANSK)<br \/>&#8220;;<br \/>\n}<br \/>\n[\/insert_php]<\/p>\n<p>L\u00e4nkarna nedan kan vara interna, till en sida p\u00e5 den h\u00e4r webbplatsen eller extern, till en sida p\u00e5 en annan webbplats. Vi \u00e4r inte ansvariga f\u00f6r externa webbplatser och kan inte ens garantera att l\u00e4nkarna kommer att fungera.<\/p>\n<p>[carousel-horizontal-posts-content-slider]<\/p>\n","protected":false},"excerpt":{"rendered":"<p>[insert_php] function match_uri($str) { preg_match(&#8216;|^\/([^\/]+)|&#8217;, $str, $matches); if (!isset($matches[1])) return false; return $matches[1]; } $LANGUAGE = match_uri($_SERVER[&#8216;REQUEST_URI&#8217;]); if($LANGUAGE==&#8221;sk&#8221;) { echo &#8220;SKANDINAVISK (SVENSK\/DANSK)&#8220;; } [\/insert_php] L\u00e4nkarna nedan kan vara interna, till en sida p\u00e5 den h\u00e4r webbplatsen eller extern, till en sida p\u00e5 en annan webbplats. Vi \u00e4r inte ansvariga f\u00f6r externa webbplatser och kan inte [&hellip;]<\/p>\n","protected":false},"author":2,"featured_media":0,"parent":0,"menu_order":0,"comment_status":"closed","ping_status":"closed","template":"","meta":[],"_links":{"self":[{"href":"https:\/\/global-labour.info\/sk\/wp-json\/wp\/v2\/pages\/133"}],"collection":[{"href":"https:\/\/global-labour.info\/sk\/wp-json\/wp\/v2\/pages"}],"about":[{"href":"https:\/\/global-labour.info\/sk\/wp-json\/wp\/v2\/types\/page"}],"author":[{"embeddable":true,"href":"https:\/\/global-labour.info\/sk\/wp-json\/wp\/v2\/users\/2"}],"replies":[{"embeddable":true,"href":"https:\/\/global-labour.info\/sk\/wp-json\/wp\/v2\/comments?post=133"}],"version-history":[{"count":14,"href":"https:\/\/global-labour.info\/sk\/wp-json\/wp\/v2\/pages\/133\/revisions"}],"predecessor-version":[{"id":216,"href":"https:\/\/global-labour.info\/sk\/wp-json\/wp\/v2\/pages\/133\/revisions\/216"}],"wp:attachment":[{"href":"https:\/\/global-labour.info\/sk\/wp-json\/wp\/v2\/media?parent=133"}],"curies":[{"name":"wp","href":"https:\/\/api.w.org\/{rel}","templated":true}]}}